{"id":68998,"date":"2022-08-03T08:59:20","date_gmt":"2022-08-03T01:59:20","guid":{"rendered":"https:\/\/fia.ub.ac.id\/?page_id=68998"},"modified":"2024-10-04T21:09:05","modified_gmt":"2024-10-04T14:09:05","slug":"status-dan-sertifikat-akreditasi","status":"publish","type":"page","link":"https:\/\/fia.ub.ac.id\/en\/program-studi-administrasi-pendidikan\/pendidikan\/status-dan-sertifikat-akreditasi\/","title":{"rendered":"Status and Accreditation Certificate of Education Administration Study Program"},"content":{"rendered":"\t\t<div data-elementor-type=\"wp-page\" data-elementor-id=\"68998\" class=\"elementor elementor-68998\" data-elementor-post-type=\"page\">\n\t\t\t\t\t\t<section class=\"elementor-section elementor-top-section elementor-element elementor-element-4a58bf4c elementor-section-height-min-height elementor-section-items-bottom elementor-section-boxed elementor-section-height-default\" data-id=\"4a58bf4c\" data-element_type=\"section\" data-e-type=\"section\" data-settings=\"{&quot;background_background&quot;:&quot;classic&quot;}\">\n\t\t\t\t\t\t<div class=\"elementor-container elementor-column-gap-default\">\n\t\t\t\t\t<div class=\"elementor-column elementor-col-100 elementor-top-column elementor-element elementor-element-605efcc5\" data-id=\"605efcc5\" data-element_type=\"column\" data-e-type=\"column\">\n\t\t\t<div class=\"elementor-widget-wrap elementor-element-populated\">\n\t\t\t\t\t\t<section class=\"elementor-section elementor-inner-section elementor-element elementor-element-e2938e4 elementor-section-height-min-height elementor-section-content-middle elementor-section-boxed elementor-section-height-default\" data-id=\"e2938e4\" data-element_type=\"section\" data-e-type=\"section\" data-settings=\"{&quot;background_background&quot;:&quot;classic&quot;}\">\n\t\t\t\t\t\t<div class=\"elementor-container elementor-column-gap-default\">\n\t\t\t\t\t<div class=\"elementor-column elementor-col-66 elementor-inner-column elementor-element elementor-element-5aae912d\" data-id=\"5aae912d\" data-element_type=\"column\" data-e-type=\"column\">\n\t\t\t<div class=\"elementor-widget-wrap elementor-element-populated\">\n\t\t\t\t\t\t<div class=\"elementor-element elementor-element-75a02aaa elementor-widget elementor-widget-heading\" data-id=\"75a02aaa\" data-element_type=\"widget\" data-e-type=\"widget\" data-widget_type=\"heading.default\">\n\t\t\t\t<div class=\"elementor-widget-container\">\n\t\t\t\t\t<h1 class=\"elementor-heading-title elementor-size-large\">Status dan Sertifikat Akreditasi Program Studi Administrasi Pendidikan<\/h1>\t\t\t\t<\/div>\n\t\t\t\t<\/div>\n\t\t\t\t\t<\/div>\n\t\t<\/div>\n\t\t\t\t<div class=\"elementor-column elementor-col-33 elementor-inner-column elementor-element elementor-element-740ad728 elementor-hidden-mobile\" data-id=\"740ad728\" data-element_type=\"column\" data-e-type=\"column\">\n\t\t\t<div class=\"elementor-widget-wrap elementor-element-populated\">\n\t\t\t\t\t\t<div class=\"elementor-element elementor-element-16af486 elementor-widget__width-initial elementor-widget-mobile__width-inherit elementor-widget elementor-widget-heading\" data-id=\"16af486\" data-element_type=\"widget\" data-e-type=\"widget\" data-widget_type=\"heading.default\">\n\t\t\t\t<div class=\"elementor-widget-container\">\n\t\t\t\t\t<p class=\"elementor-heading-title elementor-size-default\">Bagikan ke:<\/p>\t\t\t\t<\/div>\n\t\t\t\t<\/div>\n\t\t\t\t<div class=\"elementor-element elementor-element-78e46bbe elementor-share-buttons--view-icon elementor-share-buttons--shape-circle elementor-share-buttons--color-custom elementor-widget__width-initial elementor-widget-mobile__width-inherit elementor-share-buttons--skin-gradient elementor-grid-0 elementor-widget elementor-widget-share-buttons\" data-id=\"78e46bbe\" data-element_type=\"widget\" data-e-type=\"widget\" data-widget_type=\"share-buttons.default\">\n\t\t\t\t<div class=\"elementor-widget-container\">\n\t\t\t\t\t\t\t<div class=\"elementor-grid\" role=\"list\">\n\t\t\t\t\t\t\t\t<div class=\"elementor-grid-item\" role=\"listitem\">\n\t\t\t\t\t\t<div class=\"elementor-share-btn elementor-share-btn_facebook\" role=\"button\" tabindex=\"0\" aria-label=\"Share on facebook\">\n\t\t\t\t\t\t\t\t\t\t\t\t\t\t\t<span class=\"elementor-share-btn__icon\">\n\t\t\t\t\t\t\t\t<i class=\"fab fa-facebook\" aria-hidden=\"true\"><\/i>\t\t\t\t\t\t\t<\/span>\n\t\t\t\t\t\t\t\t\t\t\t\t\t\t\t\t\t\t\t\t<\/div>\n\t\t\t\t\t<\/div>\n\t\t\t\t\t\t\t\t\t<div class=\"elementor-grid-item\" role=\"listitem\">\n\t\t\t\t\t\t<div class=\"elementor-share-btn elementor-share-btn_twitter\" role=\"button\" tabindex=\"0\" aria-label=\"Share on twitter\">\n\t\t\t\t\t\t\t\t\t\t\t\t\t\t\t<span class=\"elementor-share-btn__icon\">\n\t\t\t\t\t\t\t\t<i class=\"fab fa-twitter\" aria-hidden=\"true\"><\/i>\t\t\t\t\t\t\t<\/span>\n\t\t\t\t\t\t\t\t\t\t\t\t\t\t\t\t\t\t\t\t<\/div>\n\t\t\t\t\t<\/div>\n\t\t\t\t\t\t\t\t\t<div class=\"elementor-grid-item\" role=\"listitem\">\n\t\t\t\t\t\t<div class=\"elementor-share-btn elementor-share-btn_whatsapp\" role=\"button\" tabindex=\"0\" aria-label=\"Share on whatsapp\">\n\t\t\t\t\t\t\t\t\t\t\t\t\t\t\t<span class=\"elementor-share-btn__icon\">\n\t\t\t\t\t\t\t\t<i class=\"fab fa-whatsapp\" aria-hidden=\"true\"><\/i>\t\t\t\t\t\t\t<\/span>\n\t\t\t\t\t\t\t\t\t\t\t\t\t\t\t\t\t\t\t\t<\/div>\n\t\t\t\t\t<\/div>\n\t\t\t\t\t\t<\/div>\n\t\t\t\t\t\t<\/div>\n\t\t\t\t<\/div>\n\t\t\t\t\t<\/div>\n\t\t<\/div>\n\t\t\t\t\t<\/div>\n\t\t<\/section>\n\t\t\t\t\t<\/div>\n\t\t<\/div>\n\t\t\t\t\t<\/div>\n\t\t<\/section>\n\t\t\t\t<section class=\"elementor-section elementor-top-section elementor-element elementor-element-477f681e elementor-section-boxed elementor-section-height-default elementor-section-height-default\" data-id=\"477f681e\" data-element_type=\"section\" data-e-type=\"section\">\n\t\t\t\t\t\t<div class=\"elementor-container elementor-column-gap-default\">\n\t\t\t\t\t<div class=\"elementor-column elementor-col-33 elementor-top-column elementor-element elementor-element-39f1a95e\" data-id=\"39f1a95e\" data-element_type=\"column\" data-e-type=\"column\">\n\t\t\t<div class=\"elementor-widget-wrap elementor-element-populated\">\n\t\t\t\t\t\t<div class=\"elementor-element elementor-element-3c65eab elementor-nav-menu--dropdown-tablet elementor-nav-menu__text-align-aside elementor-nav-menu--toggle elementor-nav-menu--burger elementor-widget elementor-widget-nav-menu\" data-id=\"3c65eab\" data-element_type=\"widget\" data-e-type=\"widget\" data-settings=\"{&quot;layout&quot;:&quot;vertical&quot;,&quot;submenu_icon&quot;:{&quot;value&quot;:&quot;&lt;i class=\\&quot;fas fa-caret-down\\&quot; aria-hidden=\\&quot;true\\&quot;&gt;&lt;\\\/i&gt;&quot;,&quot;library&quot;:&quot;fa-solid&quot;},&quot;toggle&quot;:&quot;burger&quot;}\" data-widget_type=\"nav-menu.default\">\n\t\t\t\t<div class=\"elementor-widget-container\">\n\t\t\t\t\t\t\t\t<nav aria-label=\"Menu\" class=\"elementor-nav-menu--main elementor-nav-menu__container elementor-nav-menu--layout-vertical e--pointer-underline e--animation-fade\">\n\t\t\t\t<ul id=\"menu-1-3c65eab\" class=\"elementor-nav-menu sm-vertical\"><li class=\"menu-item menu-item-type-post_type menu-item-object-page menu-item-68993\"><a href=\"https:\/\/fia.ub.ac.id\/en\/program-studi-administrasi-pendidikan\/profil\/\" class=\"elementor-item\">Tentang<\/a><\/li>\n<li class=\"menu-item menu-item-type-post_type menu-item-object-page menu-item-68991\"><a href=\"https:\/\/fia.ub.ac.id\/en\/program-studi-administrasi-pendidikan\/profil\/visi-misi-dan-tujuan\/\" class=\"elementor-item\">Visi Misi dan Tujuan<\/a><\/li>\n<li class=\"menu-item menu-item-type-post_type menu-item-object-page menu-item-88042\"><a href=\"https:\/\/fia.ub.ac.id\/en\/program-studi-administrasi-pendidikan\/silabus-program-studi-administrasi-pendidikan\/\" class=\"elementor-item\">Silabus<\/a><\/li>\n<li class=\"menu-item menu-item-type-post_type menu-item-object-page menu-item-88051\"><a href=\"https:\/\/fia.ub.ac.id\/en\/program-studi-administrasi-pendidikan\/alur-mata-kuliah-program-studi-administrasi-pendidikan\/\" class=\"elementor-item\">Alur Mata Kuliah<\/a><\/li>\n<li class=\"menu-item menu-item-type-post_type menu-item-object-page menu-item-68987\"><a href=\"https:\/\/fia.ub.ac.id\/en\/program-studi-administrasi-pendidikan\/profil\/sdm\/\" class=\"elementor-item\">Sumber Daya Manusia<\/a><\/li>\n<li class=\"menu-item menu-item-type-post_type menu-item-object-page menu-item-88060\"><a href=\"https:\/\/fia.ub.ac.id\/en\/program-studi-administrasi-pendidikan\/pendidikan\/status-dan-sertifikat-akreditasi\/\" class=\"elementor-item\">Status dan Sertifikat Akreditasi<\/a><\/li>\n<li class=\"menu-item menu-item-type-post_type menu-item-object-page menu-item-90843\"><a href=\"https:\/\/fia.ub.ac.id\/en\/program-studi-administrasi-pendidikan\/tracer-study\/\" class=\"elementor-item\">Tracer Study<\/a><\/li>\n<li class=\"menu-item menu-item-type-post_type menu-item-object-page menu-item-90842\"><a href=\"https:\/\/fia.ub.ac.id\/en\/program-studi-s1-administrasi-pendidikan\/hasil-kepuasan-pengguna-lulusan-program-studi-s1-administrasi-pendidikan\/\" class=\"elementor-item\">Hasil Kepuasan Pengguna Lulusan<\/a><\/li>\n<li class=\"menu-item menu-item-type-post_type menu-item-object-page menu-item-96782\"><a href=\"https:\/\/fia.ub.ac.id\/en\/program-studi-s1-administrasi-pendidikan\/identifikasi-kebutuhan-masyarakat-dudi\/\" class=\"elementor-item\">Identifikasi Kebutuhan Masyarakat\/(DUDI)<\/a><\/li>\n<li class=\"menu-item menu-item-type-post_type menu-item-object-page menu-item-88061\"><a href=\"https:\/\/fia.ub.ac.id\/en\/program-studi-administrasi-pendidikan\/kontak\/\" class=\"elementor-item\">Kontak Program Studi Administrasi Pendidikan<\/a><\/li>\n<\/ul>\t\t\t<\/nav>\n\t\t\t\t\t<div class=\"elementor-menu-toggle\" role=\"button\" tabindex=\"0\" aria-label=\"Menu Toggle\" aria-expanded=\"false\">\n\t\t\t<i aria-hidden=\"true\" role=\"presentation\" class=\"elementor-menu-toggle__icon--open eicon-menu-bar\"><\/i><i aria-hidden=\"true\" role=\"presentation\" class=\"elementor-menu-toggle__icon--close eicon-close\"><\/i>\t\t<\/div>\n\t\t\t\t\t<nav class=\"elementor-nav-menu--dropdown elementor-nav-menu__container\" aria-hidden=\"true\">\n\t\t\t\t<ul id=\"menu-2-3c65eab\" class=\"elementor-nav-menu sm-vertical\"><li class=\"menu-item menu-item-type-post_type menu-item-object-page menu-item-68993\"><a href=\"https:\/\/fia.ub.ac.id\/en\/program-studi-administrasi-pendidikan\/profil\/\" class=\"elementor-item\" tabindex=\"-1\">Tentang<\/a><\/li>\n<li class=\"menu-item menu-item-type-post_type menu-item-object-page menu-item-68991\"><a href=\"https:\/\/fia.ub.ac.id\/en\/program-studi-administrasi-pendidikan\/profil\/visi-misi-dan-tujuan\/\" class=\"elementor-item\" tabindex=\"-1\">Visi Misi dan Tujuan<\/a><\/li>\n<li class=\"menu-item menu-item-type-post_type menu-item-object-page menu-item-88042\"><a href=\"https:\/\/fia.ub.ac.id\/en\/program-studi-administrasi-pendidikan\/silabus-program-studi-administrasi-pendidikan\/\" class=\"elementor-item\" tabindex=\"-1\">Silabus<\/a><\/li>\n<li class=\"menu-item menu-item-type-post_type menu-item-object-page menu-item-88051\"><a href=\"https:\/\/fia.ub.ac.id\/en\/program-studi-administrasi-pendidikan\/alur-mata-kuliah-program-studi-administrasi-pendidikan\/\" class=\"elementor-item\" tabindex=\"-1\">Alur Mata Kuliah<\/a><\/li>\n<li class=\"menu-item menu-item-type-post_type menu-item-object-page menu-item-68987\"><a href=\"https:\/\/fia.ub.ac.id\/en\/program-studi-administrasi-pendidikan\/profil\/sdm\/\" class=\"elementor-item\" tabindex=\"-1\">Sumber Daya Manusia<\/a><\/li>\n<li class=\"menu-item menu-item-type-post_type menu-item-object-page menu-item-88060\"><a href=\"https:\/\/fia.ub.ac.id\/en\/program-studi-administrasi-pendidikan\/pendidikan\/status-dan-sertifikat-akreditasi\/\" class=\"elementor-item\" tabindex=\"-1\">Status dan Sertifikat Akreditasi<\/a><\/li>\n<li class=\"menu-item menu-item-type-post_type menu-item-object-page menu-item-90843\"><a href=\"https:\/\/fia.ub.ac.id\/en\/program-studi-administrasi-pendidikan\/tracer-study\/\" class=\"elementor-item\" tabindex=\"-1\">Tracer Study<\/a><\/li>\n<li class=\"menu-item menu-item-type-post_type menu-item-object-page menu-item-90842\"><a href=\"https:\/\/fia.ub.ac.id\/en\/program-studi-s1-administrasi-pendidikan\/hasil-kepuasan-pengguna-lulusan-program-studi-s1-administrasi-pendidikan\/\" class=\"elementor-item\" tabindex=\"-1\">Hasil Kepuasan Pengguna Lulusan<\/a><\/li>\n<li class=\"menu-item menu-item-type-post_type menu-item-object-page menu-item-96782\"><a href=\"https:\/\/fia.ub.ac.id\/en\/program-studi-s1-administrasi-pendidikan\/identifikasi-kebutuhan-masyarakat-dudi\/\" class=\"elementor-item\" tabindex=\"-1\">Identifikasi Kebutuhan Masyarakat\/(DUDI)<\/a><\/li>\n<li class=\"menu-item menu-item-type-post_type menu-item-object-page menu-item-88061\"><a href=\"https:\/\/fia.ub.ac.id\/en\/program-studi-administrasi-pendidikan\/kontak\/\" class=\"elementor-item\" tabindex=\"-1\">Kontak Program Studi Administrasi Pendidikan<\/a><\/li>\n<\/ul>\t\t\t<\/nav>\n\t\t\t\t\t\t<\/div>\n\t\t\t\t<\/div>\n\t\t\t\t\t<\/div>\n\t\t<\/div>\n\t\t\t\t<div class=\"elementor-column elementor-col-66 elementor-top-column elementor-element elementor-element-7adec6d6\" data-id=\"7adec6d6\" data-element_type=\"column\" data-e-type=\"column\">\n\t\t\t<div class=\"elementor-widget-wrap elementor-element-populated\">\n\t\t\t\t\t\t<div class=\"elementor-element elementor-element-3f86289f elementor-widget elementor-widget-heading\" data-id=\"3f86289f\" data-element_type=\"widget\" data-e-type=\"widget\" data-widget_type=\"heading.default\">\n\t\t\t\t<div class=\"elementor-widget-container\">\n\t\t\t\t\t<h2 class=\"elementor-heading-title elementor-size-default\">Status dan Sertifikat Akreditasi<\/h2>\t\t\t\t<\/div>\n\t\t\t\t<\/div>\n\t\t\t\t<div class=\"elementor-element elementor-element-46d5e21f elementor-widget elementor-widget-text-editor\" data-id=\"46d5e21f\" data-element_type=\"widget\" data-e-type=\"widget\" data-widget_type=\"text-editor.default\">\n\t\t\t\t<div class=\"elementor-widget-container\">\n\t\t\t\t\t\t\t\t\t<p><!-- [if gte mso 9]&gt;--><\/p><p><!-- [if gte mso 9]&gt;--><\/p><p class=\"MsoNormal\" style=\"margin-bottom: 6.0pt;text-align: justify;text-indent: 36.0pt;line-height: 150%\">Program Studi Administrasi Pendidikan berdiri sejak tahun 2014, izin operasional dan izin penyelenggaraan program studi keluar dengan Surat Keputusan Menteri Pendidikan dan Kebudayaan RI No. 4759\/E1.3\/HK\/2014 dan dengan SK pendirian No. 595\/E\/O\/2014. Saat ini Program Studi Administrasi Pendidikan terakreditasi <strong>UNGGUL<\/strong> oleh Lembaga Nasional Akreditasi Mandiri Kependidikan (LAMDIK). Berikut sertifikat akreditasi Program Studi Administrasi Pendidikan\u00a0<\/p>\t\t\t\t\t\t\t\t<\/div>\n\t\t\t\t<\/div>\n\t\t\t\t<div class=\"elementor-element elementor-element-84f84e5 elementor-widget elementor-widget-shortcode\" data-id=\"84f84e5\" data-element_type=\"widget\" data-e-type=\"widget\" data-widget_type=\"shortcode.default\">\n\t\t\t\t<div class=\"elementor-widget-container\">\n\t\t\t\t\t\t\t<div class=\"elementor-shortcode\">\n<table id=\"tablepress-100\" class=\"tablepress tablepress-id-100 tablepress-responsive\">\n<thead>\n<tr class=\"row-1\">\n\t<th class=\"column-1\">Nama Dokumen<\/th><th class=\"column-2\">Dokumen<\/th>\n<\/tr>\n<\/thead>\n<tbody class=\"row-striping row-hover\">\n<tr class=\"row-2\">\n\t<td class=\"column-1\">Akreditasi Nasional Lembaga Akreditasi Mandiri Kependidikan (LAMDIK) Periode Tahun 2023 \u2013 2028 (Program Studi S1 Administrasi Pendidikan)<\/td><td class=\"column-2\"><a href=\"https:\/\/fia.ub.ac.id\/wp-content\/uploads\/2023\/05\/SERTIFIKAT-AKREDITASI-LAMDIK-PS-S1-ADMINISTRASI-PENDIDIKAN-2023-2028-UNGGUL.pdf\">Unduh Berkas<\/a><\/td>\n<\/tr>\n<tr class=\"row-3\">\n\t<td class=\"column-1\">Agentur F\u00fcr Qualit\u00e4tssicherung Durch Akkreditierung von Studieng\u00e4ngen E.V.<\/td><td class=\"column-2\"><a href=\"https:\/\/fia.ub.ac.id\/wp-content\/uploads\/2023\/09\/Certificate_EduAdminBachelor_77121.pdf\">Unduh Berkas<\/a><\/td>\n<\/tr>\n<tr class=\"row-4\">\n\t<td class=\"column-1\">Akreditasi Nasional BAN-PT Periode Tahun 2018 \u2013 2023 (Program Studi S1 Administrasi Pendidikan)<\/td><td class=\"column-2\"><a href=\"https:\/\/fia.ub.ac.id\/wp-content\/uploads\/2020\/07\/sertifikat-Adm-Pendidikan-2018-2023.pdf\">Unduh Berkas<\/a><\/td>\n<\/tr>\n<\/tbody>\n<\/table>\n<!-- #tablepress-100 from cache --><\/div>\n\t\t\t\t\t\t<\/div>\n\t\t\t\t<\/div>\n\t\t\t\t\t<\/div>\n\t\t<\/div>\n\t\t\t\t\t<\/div>\n\t\t<\/section>\n\t\t\t\t<\/div>\n\t\t","protected":false},"excerpt":{"rendered":"<p>Status and Accreditation Certificate of Educational Administration Study Program Share to: Status and Accreditation Certificate of Educational Administration Study Program was established in 2014, operational permit and study program implementation permit were issued with the Decree of the Minister of Education and Culture of the Republic of Indonesia No. 4759\/E1.3\/HK\/2014 and with the establishment decree No. 595\/E\/O\/2014. Currently, the Educational Administration Study Program is accredited as UNGGUL by \u2026 <a title=\"Status and Accreditation Certificate of Education Administration Study Program\" class=\"read-more\" href=\"https:\/\/fia.ub.ac.id\/en\/program-studi-administrasi-pendidikan\/pendidikan\/status-dan-sertifikat-akreditasi\/\" aria-label=\"Read more about Status and Certificate of Accreditation for the Educational Administration Study Program\">Read more<\/a><\/p>","protected":false},"author":68,"featured_media":0,"parent":68995,"menu_order":0,"comment_status":"closed","ping_status":"closed","template":"","meta":{"footnotes":""},"categories":[78],"tags":[],"coauthors":[430,525],"class_list":{"0":"post-68998","1":"page","2":"type-page","3":"status-publish","5":"category-program-studi-administrasi-pendidikan"},"_links":{"self":[{"href":"https:\/\/fia.ub.ac.id\/en\/wp-json\/wp\/v2\/pages\/68998","targetHints":{"allow":["GET"]}}],"collection":[{"href":"https:\/\/fia.ub.ac.id\/en\/wp-json\/wp\/v2\/pages"}],"about":[{"href":"https:\/\/fia.ub.ac.id\/en\/wp-json\/wp\/v2\/types\/page"}],"author":[{"embeddable":true,"href":"https:\/\/fia.ub.ac.id\/en\/wp-json\/wp\/v2\/users\/68"}],"replies":[{"embeddable":true,"href":"https:\/\/fia.ub.ac.id\/en\/wp-json\/wp\/v2\/comments?post=68998"}],"version-history":[{"count":10,"href":"https:\/\/fia.ub.ac.id\/en\/wp-json\/wp\/v2\/pages\/68998\/revisions"}],"predecessor-version":[{"id":90839,"href":"https:\/\/fia.ub.ac.id\/en\/wp-json\/wp\/v2\/pages\/68998\/revisions\/90839"}],"up":[{"embeddable":true,"href":"https:\/\/fia.ub.ac.id\/en\/wp-json\/wp\/v2\/pages\/68995"}],"wp:attachment":[{"href":"https:\/\/fia.ub.ac.id\/en\/wp-json\/wp\/v2\/media?parent=68998"}],"wp:term":[{"taxonomy":"category","embeddable":true,"href":"https:\/\/fia.ub.ac.id\/en\/wp-json\/wp\/v2\/categories?post=68998"},{"taxonomy":"post_tag","embeddable":true,"href":"https:\/\/fia.ub.ac.id\/en\/wp-json\/wp\/v2\/tags?post=68998"},{"taxonomy":"author","embeddable":true,"href":"https:\/\/fia.ub.ac.id\/en\/wp-json\/wp\/v2\/coauthors?post=68998"}],"curies":[{"name":"wp","href":"https:\/\/api.w.org\/{rel}","templated":true}]}}